{"id":43136,"date":"2026-01-13T20:06:08","date_gmt":"2026-01-14T01:06:08","guid":{"rendered":"https:\/\/pbsport.ca\/?post_type=product&#038;p=43136"},"modified":"2026-01-13T20:06:08","modified_gmt":"2026-01-14T01:06:08","slug":"joola-perseus-pro-3s-dual-en","status":"publish","type":"product","link":"https:\/\/pbsport.ca\/en\/product\/joola-perseus-pro-3s-dual-en\/","title":{"rendered":"Joola Perseus Pro 3S Dual"},"content":{"rendered":"<h2 data-start=\"125\" data-end=\"177\">JOOLA Perseus Pro 3S Dual 16 mm Pickleball Paddle<\/h2>\n<p data-start=\"179\" data-end=\"534\">The <strong data-start=\"183\" data-end=\"218\">JOOLA Perseus Pro 3S Dual 16 mm<\/strong> is designed for demanding pickleball players. It is ideal for those seeking a reliable, high-performance paddle that meets current competition standards. Built on the proven <strong data-start=\"393\" data-end=\"414\">JOOLA 3S platform<\/strong>, it features the popular Perseus shape. This shape is well known for its stability, balance, and all-court versatility.<\/p>\n<p data-start=\"536\" data-end=\"872\">Thanks to its <strong data-start=\"550\" data-end=\"575\">16 mm Propulsion Core<\/strong>, the paddle delivers an excellent balance of control and forgiveness. In addition, the thicker core effectively reduces vibration. As a result, the feel is softer and more consistent. Consequently, dinks and defensive blocks become more precise, while power remains available for offensive shots.<\/p>\n<p data-start=\"874\" data-end=\"1158\">The <strong data-start=\"878\" data-end=\"910\">high-friction carbon surface<\/strong> enhances ball grip. It therefore makes spin generation easier without sacrificing control. Moreover, shot consistency remains strong across all trajectories. This allows players to vary their game with confidence, both offensively and defensively.<\/p>\n<p data-start=\"1160\" data-end=\"1466\">With an <strong data-start=\"1168\" data-end=\"1194\">average weight of 8 oz<\/strong>, the Perseus Pro 3S Dual maintains excellent maneuverability. In addition, its shape provides a generous sweet spot. This improves forgiveness on off-center hits. The <strong data-start=\"1362\" data-end=\"1390\">black Feel-Tec Pure grip<\/strong> offers a comfortable and secure hold, even during long and intense rallies.<\/p>\n<p data-start=\"1468\" data-end=\"1712\">Finally, this <strong data-start=\"1482\" data-end=\"1500\">Dual Certified<\/strong> version meets <strong data-start=\"1515\" data-end=\"1533\">UPA-A and USAP<\/strong> standards. It is fully approved for official competition. Its two-tone gradient edge guard adds durability and modern style, featuring <strong data-start=\"1669\" data-end=\"1702\">Perseus Green and Magnus Pink<\/strong> finishes.<\/p>\n<hr data-start=\"1714\" data-end=\"1717\" \/>\n<h3 data-start=\"1719\" data-end=\"1747\">Technical Specifications<\/h3>\n<ul data-start=\"1749\" data-end=\"2183\">\n<li data-start=\"1749\" data-end=\"1789\">\n<p data-start=\"1751\" data-end=\"1789\"><strong data-start=\"1751\" data-end=\"1760\">Model<\/strong>: JOOLA Perseus Pro 3S Dual<\/p>\n<\/li>\n<li data-start=\"1790\" data-end=\"1819\">\n<p data-start=\"1792\" data-end=\"1819\"><strong data-start=\"1792\" data-end=\"1810\">Core Thickness<\/strong>: 16 mm<\/p>\n<\/li>\n<li data-start=\"1820\" data-end=\"1849\">\n<p data-start=\"1822\" data-end=\"1849\"><strong data-start=\"1822\" data-end=\"1830\">Core<\/strong>: Propulsion Core<\/p>\n<\/li>\n<li data-start=\"1850\" data-end=\"1887\">\n<p data-start=\"1852\" data-end=\"1887\"><strong data-start=\"1852\" data-end=\"1863\">Surface<\/strong>: High-friction carbon<\/p>\n<\/li>\n<li data-start=\"1888\" data-end=\"1924\">\n<p data-start=\"1890\" data-end=\"1924\"><strong data-start=\"1890\" data-end=\"1908\">Average Weight<\/strong>: Approx. 8 oz<\/p>\n<\/li>\n<li data-start=\"1925\" data-end=\"1946\">\n<p data-start=\"1927\" data-end=\"1946\"><strong data-start=\"1927\" data-end=\"1937\">Length<\/strong>: 16.5&#8243;<\/p>\n<\/li>\n<li data-start=\"1947\" data-end=\"1966\">\n<p data-start=\"1949\" data-end=\"1966\"><strong data-start=\"1949\" data-end=\"1958\">Width<\/strong>: 7.5&#8243;<\/p>\n<\/li>\n<li data-start=\"1967\" data-end=\"1994\">\n<p data-start=\"1969\" data-end=\"1994\"><strong data-start=\"1969\" data-end=\"1986\">Handle Length<\/strong>: 5.5&#8243;<\/p>\n<\/li>\n<li data-start=\"1995\" data-end=\"2028\">\n<p data-start=\"1997\" data-end=\"2028\"><strong data-start=\"1997\" data-end=\"2019\">Grip Circumference<\/strong>: 4.25&#8243;<\/p>\n<\/li>\n<li data-start=\"2029\" data-end=\"2062\">\n<p data-start=\"2031\" data-end=\"2062\"><strong data-start=\"2031\" data-end=\"2039\">Grip<\/strong>: Black Feel-Tec Pure<\/p>\n<\/li>\n<li data-start=\"2063\" data-end=\"2107\">\n<p data-start=\"2065\" data-end=\"2107\"><strong data-start=\"2065\" data-end=\"2082\">Certification<\/strong>: UPA-A &amp; USAP approved<\/p>\n<\/li>\n<li data-start=\"2108\" data-end=\"2183\">\n<p data-start=\"2110\" data-end=\"2183\"><strong data-start=\"2110\" data-end=\"2127\">Playing Style<\/strong>: Control, stability, consistency, and controlled spin<\/p>\n<\/li>\n<\/ul>\n","protected":false},"excerpt":{"rendered":"<p id=\"tw-target-text\" class=\"tw-data-text tw-text-large tw-ta\" dir=\"ltr\" role=\"text\" data-placeholder=\"Traduction\" data-ved=\"2ahUKEwjSpdaf-OWRAxUhFFkFHaYCHLoQ3ewLegQIDBAW\" aria-label=\"Texte traduit&nbsp;: The JOOLA Perseus Pro 3S Dual 16 mm is a high-end pickleball racket offering an excellent balance of control, stability, and feel. Thanks to its 16 mm Propulsion Core and high-friction carbon surface, it is perfectly suited to competitive players seeking precision, forgiveness, and UPA-A and USAP compliance.\"><span class=\"Y2IQFc\" lang=\"en\">The JOOLA Perseus Pro 3S Dual 16 mm is a high-end pickleball paddle offering an excellent balance of control, stability, and feel. Thanks to its 16 mm Propulsion Core and high-friction carbon surface, it is perfectly suited to competitive players seeking precision, forgiveness, and UPA-A and USAP compliance.<\/span><\/p>\n","protected":false},"featured_media":43129,"template":"","meta":{"_et_pb_use_builder":"","_et_pb_old_content":"","_et_gb_content_width":""},"product_brand":[],"product_cat":[120],"product_tag":[2979,2933,2822,1284,3580,3848,2621,2770,3846,3849,3845,3847,3082],"class_list":{"0":"post-43136","1":"product","2":"type-product","3":"status-publish","4":"has-post-thumbnail","6":"product_cat-pickleball-paddles","7":"product_tag-16-mm-en","8":"product_tag-carbon","9":"product_tag-control","10":"product_tag-joola-3","11":"product_tag-perseus","12":"product_tag-perseus-pro-3s-dual","13":"product_tag-pickleball","14":"product_tag-pickleball-paddle-en","15":"product_tag-pro-3s-dual","16":"product_tag-propulsion-core-2","17":"product_tag-stability","18":"product_tag-upa-a","19":"product_tag-usap-en","21":"first","22":"instock","23":"taxable","24":"shipping-taxable","25":"purchasable","26":"product-type-simple"},"yoast_head":"<!-- This site is optimized with the Yoast SEO plugin v27.5 - https:\/\/yoast.com\/product\/yoast-seo-wordpress\/ -->\n<title>Joola Perseus Pro 3S Dual - PB Sport<\/title>\n<meta name=\"description\" content=\"JOOLA Perseus Pro 3S Dual 16 mm: UPA-A and USAP certified pickleball paddle, with 16 mm core, carbon surface and superior control.\" \/>\n<meta name=\"robots\" content=\"index, follow, max-snippet:-1, max-image-preview:large, max-video-preview:-1\" \/>\n<link rel=\"canonical\" href=\"https:\/\/pbsport.ca\/en\/product\/joola-perseus-pro-3s-dual-en\/\" \/>\n<meta property=\"og:locale\" content=\"en_US\" \/>\n<meta property=\"og:type\" content=\"article\" \/>\n<meta property=\"og:title\" content=\"Joola Perseus Pro 3S Dual - PB Sport\" \/>\n<meta property=\"og:description\" content=\"JOOLA Perseus Pro 3S Dual 16 mm: UPA-A and USAP certified pickleball paddle, with 16 mm core, carbon surface and superior control.\" \/>\n<meta property=\"og:url\" content=\"https:\/\/pbsport.ca\/en\/product\/joola-perseus-pro-3s-dual-en\/\" \/>\n<meta property=\"og:site_name\" content=\"PB Sport\" \/>\n<meta property=\"og:image\" content=\"https:\/\/pbsport.ca\/wp-content\/uploads\/2026\/01\/Joola-Perseus-Pro-3S-Dual.png\" \/>\n\t<meta property=\"og:image:width\" content=\"875\" \/>\n\t<meta property=\"og:image:height\" content=\"875\" \/>\n\t<meta property=\"og:image:type\" content=\"image\/png\" \/>\n<meta name=\"twitter:card\" content=\"summary_large_image\" \/>\n<meta name=\"twitter:label1\" content=\"Est. reading time\" \/>\n\t<meta name=\"twitter:data1\" content=\"1 minute\" \/>\n<script type=\"application\/ld+json\" class=\"yoast-schema-graph\">{\"@context\":\"https:\\\/\\\/schema.org\",\"@graph\":[{\"@type\":\"WebPage\",\"@id\":\"https:\\\/\\\/pbsport.ca\\\/en\\\/product\\\/joola-perseus-pro-3s-dual-en\\\/\",\"url\":\"https:\\\/\\\/pbsport.ca\\\/en\\\/product\\\/joola-perseus-pro-3s-dual-en\\\/\",\"name\":\"Joola Perseus Pro 3S Dual - PB Sport\",\"isPartOf\":{\"@id\":\"https:\\\/\\\/pbsport.ca\\\/en\\\/#website\"},\"primaryImageOfPage\":{\"@id\":\"https:\\\/\\\/pbsport.ca\\\/en\\\/product\\\/joola-perseus-pro-3s-dual-en\\\/#primaryimage\"},\"image\":{\"@id\":\"https:\\\/\\\/pbsport.ca\\\/en\\\/product\\\/joola-perseus-pro-3s-dual-en\\\/#primaryimage\"},\"thumbnailUrl\":\"https:\\\/\\\/pbsport.ca\\\/wp-content\\\/uploads\\\/2026\\\/01\\\/Joola-Perseus-Pro-3S-Dual.png\",\"datePublished\":\"2026-01-14T01:06:08+00:00\",\"description\":\"JOOLA Perseus Pro 3S Dual 16 mm: UPA-A and USAP certified pickleball paddle, with 16 mm core, carbon surface and superior control.\",\"breadcrumb\":{\"@id\":\"https:\\\/\\\/pbsport.ca\\\/en\\\/product\\\/joola-perseus-pro-3s-dual-en\\\/#breadcrumb\"},\"inLanguage\":\"en-US\",\"potentialAction\":[{\"@type\":\"ReadAction\",\"target\":[\"https:\\\/\\\/pbsport.ca\\\/en\\\/product\\\/joola-perseus-pro-3s-dual-en\\\/\"]}]},{\"@type\":\"ImageObject\",\"inLanguage\":\"en-US\",\"@id\":\"https:\\\/\\\/pbsport.ca\\\/en\\\/product\\\/joola-perseus-pro-3s-dual-en\\\/#primaryimage\",\"url\":\"https:\\\/\\\/pbsport.ca\\\/wp-content\\\/uploads\\\/2026\\\/01\\\/Joola-Perseus-Pro-3S-Dual.png\",\"contentUrl\":\"https:\\\/\\\/pbsport.ca\\\/wp-content\\\/uploads\\\/2026\\\/01\\\/Joola-Perseus-Pro-3S-Dual.png\",\"width\":875,\"height\":875,\"caption\":\"The JOOLA Perseus Pro 3S Dual pickleball paddle offers an excellent balance of power, control and stability thanks to its advanced construction and high-performance surface, suitable for all levels of play.tte de pickleball JOOLA Perseus Pro 3S Dual offre un excellent \u00e9quilibre entre puissance, contr\u00f4le et stabilit\u00e9 gr\u00e2ce \u00e0 sa construction avanc\u00e9e et \u00e0 sa surface performante, adapt\u00e9e \u00e0 tous les niveaux de jeu.\"},{\"@type\":\"BreadcrumbList\",\"@id\":\"https:\\\/\\\/pbsport.ca\\\/en\\\/product\\\/joola-perseus-pro-3s-dual-en\\\/#breadcrumb\",\"itemListElement\":[{\"@type\":\"ListItem\",\"position\":1,\"name\":\"Home\",\"item\":\"https:\\\/\\\/pbsport.ca\\\/en\\\/\"},{\"@type\":\"ListItem\",\"position\":2,\"name\":\"Shop\",\"item\":\"https:\\\/\\\/pbsport.ca\\\/boutique\\\/\"},{\"@type\":\"ListItem\",\"position\":3,\"name\":\"Joola Perseus Pro 3S Dual\"}]},{\"@type\":\"WebSite\",\"@id\":\"https:\\\/\\\/pbsport.ca\\\/en\\\/#website\",\"url\":\"https:\\\/\\\/pbsport.ca\\\/en\\\/\",\"name\":\"PB Sport\",\"description\":\"La r\u00e9f\u00e9rence du Pickleball\",\"potentialAction\":[{\"@type\":\"SearchAction\",\"target\":{\"@type\":\"EntryPoint\",\"urlTemplate\":\"https:\\\/\\\/pbsport.ca\\\/en\\\/?s={search_term_string}\"},\"query-input\":{\"@type\":\"PropertyValueSpecification\",\"valueRequired\":true,\"valueName\":\"search_term_string\"}}],\"inLanguage\":\"en-US\"}]}<\/script>\n<!-- \/ Yoast SEO plugin. -->","yoast_head_json":{"title":"Joola Perseus Pro 3S Dual - PB Sport","description":"JOOLA Perseus Pro 3S Dual 16 mm: UPA-A and USAP certified pickleball paddle, with 16 mm core, carbon surface and superior control.","robots":{"index":"index","follow":"follow","max-snippet":"max-snippet:-1","max-image-preview":"max-image-preview:large","max-video-preview":"max-video-preview:-1"},"canonical":"https:\/\/pbsport.ca\/en\/product\/joola-perseus-pro-3s-dual-en\/","og_locale":"en_US","og_type":"article","og_title":"Joola Perseus Pro 3S Dual - PB Sport","og_description":"JOOLA Perseus Pro 3S Dual 16 mm: UPA-A and USAP certified pickleball paddle, with 16 mm core, carbon surface and superior control.","og_url":"https:\/\/pbsport.ca\/en\/product\/joola-perseus-pro-3s-dual-en\/","og_site_name":"PB Sport","og_image":[{"width":875,"height":875,"url":"https:\/\/pbsport.ca\/wp-content\/uploads\/2026\/01\/Joola-Perseus-Pro-3S-Dual.png","type":"image\/png"}],"twitter_card":"summary_large_image","twitter_misc":{"Est. reading time":"1 minute"},"schema":{"@context":"https:\/\/schema.org","@graph":[{"@type":"WebPage","@id":"https:\/\/pbsport.ca\/en\/product\/joola-perseus-pro-3s-dual-en\/","url":"https:\/\/pbsport.ca\/en\/product\/joola-perseus-pro-3s-dual-en\/","name":"Joola Perseus Pro 3S Dual - PB Sport","isPartOf":{"@id":"https:\/\/pbsport.ca\/en\/#website"},"primaryImageOfPage":{"@id":"https:\/\/pbsport.ca\/en\/product\/joola-perseus-pro-3s-dual-en\/#primaryimage"},"image":{"@id":"https:\/\/pbsport.ca\/en\/product\/joola-perseus-pro-3s-dual-en\/#primaryimage"},"thumbnailUrl":"https:\/\/pbsport.ca\/wp-content\/uploads\/2026\/01\/Joola-Perseus-Pro-3S-Dual.png","datePublished":"2026-01-14T01:06:08+00:00","description":"JOOLA Perseus Pro 3S Dual 16 mm: UPA-A and USAP certified pickleball paddle, with 16 mm core, carbon surface and superior control.","breadcrumb":{"@id":"https:\/\/pbsport.ca\/en\/product\/joola-perseus-pro-3s-dual-en\/#breadcrumb"},"inLanguage":"en-US","potentialAction":[{"@type":"ReadAction","target":["https:\/\/pbsport.ca\/en\/product\/joola-perseus-pro-3s-dual-en\/"]}]},{"@type":"ImageObject","inLanguage":"en-US","@id":"https:\/\/pbsport.ca\/en\/product\/joola-perseus-pro-3s-dual-en\/#primaryimage","url":"https:\/\/pbsport.ca\/wp-content\/uploads\/2026\/01\/Joola-Perseus-Pro-3S-Dual.png","contentUrl":"https:\/\/pbsport.ca\/wp-content\/uploads\/2026\/01\/Joola-Perseus-Pro-3S-Dual.png","width":875,"height":875,"caption":"The JOOLA Perseus Pro 3S Dual pickleball paddle offers an excellent balance of power, control and stability thanks to its advanced construction and high-performance surface, suitable for all levels of play.tte de pickleball JOOLA Perseus Pro 3S Dual offre un excellent \u00e9quilibre entre puissance, contr\u00f4le et stabilit\u00e9 gr\u00e2ce \u00e0 sa construction avanc\u00e9e et \u00e0 sa surface performante, adapt\u00e9e \u00e0 tous les niveaux de jeu."},{"@type":"BreadcrumbList","@id":"https:\/\/pbsport.ca\/en\/product\/joola-perseus-pro-3s-dual-en\/#breadcrumb","itemListElement":[{"@type":"ListItem","position":1,"name":"Home","item":"https:\/\/pbsport.ca\/en\/"},{"@type":"ListItem","position":2,"name":"Shop","item":"https:\/\/pbsport.ca\/boutique\/"},{"@type":"ListItem","position":3,"name":"Joola Perseus Pro 3S Dual"}]},{"@type":"WebSite","@id":"https:\/\/pbsport.ca\/en\/#website","url":"https:\/\/pbsport.ca\/en\/","name":"PB Sport","description":"La r\u00e9f\u00e9rence du Pickleball","potentialAction":[{"@type":"SearchAction","target":{"@type":"EntryPoint","urlTemplate":"https:\/\/pbsport.ca\/en\/?s={search_term_string}"},"query-input":{"@type":"PropertyValueSpecification","valueRequired":true,"valueName":"search_term_string"}}],"inLanguage":"en-US"}]}},"_links":{"self":[{"href":"https:\/\/pbsport.ca\/en\/wp-json\/wp\/v2\/product\/43136","targetHints":{"allow":["GET"]}}],"collection":[{"href":"https:\/\/pbsport.ca\/en\/wp-json\/wp\/v2\/product"}],"about":[{"href":"https:\/\/pbsport.ca\/en\/wp-json\/wp\/v2\/types\/product"}],"wp:featuredmedia":[{"embeddable":true,"href":"https:\/\/pbsport.ca\/en\/wp-json\/wp\/v2\/media\/43129"}],"wp:attachment":[{"href":"https:\/\/pbsport.ca\/en\/wp-json\/wp\/v2\/media?parent=43136"}],"wp:term":[{"taxonomy":"product_brand","embeddable":true,"href":"https:\/\/pbsport.ca\/en\/wp-json\/wp\/v2\/product_brand?post=43136"},{"taxonomy":"product_cat","embeddable":true,"href":"https:\/\/pbsport.ca\/en\/wp-json\/wp\/v2\/product_cat?post=43136"},{"taxonomy":"product_tag","embeddable":true,"href":"https:\/\/pbsport.ca\/en\/wp-json\/wp\/v2\/product_tag?post=43136"}],"curies":[{"name":"wp","href":"https:\/\/api.w.org\/{rel}","templated":true}]}}