{"id":30762,"date":"2024-04-30T13:55:10","date_gmt":"2024-04-30T17:55:10","guid":{"rendered":"https:\/\/pbsport.ca\/about-us\/"},"modified":"2025-07-22T13:55:39","modified_gmt":"2025-07-22T17:55:39","slug":"about-us","status":"publish","type":"page","link":"https:\/\/pbsport.ca\/en\/about-us\/","title":{"rendered":"About us"},"content":{"rendered":"<p>[et_pb_section fb_built=&#8221;1&#8243; custom_padding_last_edited=&#8221;on|tablet&#8221; admin_label=&#8221;\u00c0 propos&#8221; _builder_version=&#8221;4.24.3&#8243; _module_preset=&#8221;default&#8221; background_image=&#8221;https:\/\/pbsport.ca\/wp-content\/uploads\/2024\/04\/background-header-contact.jpg&#8221; custom_padding=&#8221;75px||75px||true|false&#8221; custom_padding_tablet=&#8221;45px||45px||true|false&#8221; custom_padding_phone=&#8221;30px||30px||true|false&#8221; global_colors_info=&#8221;{}&#8221;][et_pb_row module_class=&#8221;row-90 row-header&#8221; _builder_version=&#8221;4.24.2&#8243; _module_preset=&#8221;default&#8221; animation_style=&#8221;slide&#8221; animation_duration=&#8221;1200ms&#8221; global_colors_info=&#8221;{}&#8221;][et_pb_column type=&#8221;4_4&#8243; _builder_version=&#8221;4.24.2&#8243; _module_preset=&#8221;default&#8221; global_colors_info=&#8221;{}&#8221;][et_pb_text admin_label=&#8221;\u00c0 propos&#8221; _builder_version=&#8221;4.24.3&#8243; _module_preset=&#8221;27d8fdda-af37-4558-b2fb-47e7dff42166&#8243; global_colors_info=&#8221;{}&#8221;]<\/p>\n<h1>About us<\/h1>\n<p>[\/et_pb_text][\/et_pb_column][\/et_pb_row][\/et_pb_section][et_pb_section fb_built=&#8221;1&#8243; _builder_version=&#8221;4.24.2&#8243; _module_preset=&#8221;default&#8221; background_color=&#8221;#FFFFFF&#8221; background_enable_image=&#8221;off&#8221; custom_margin=&#8221;||0px||false|false&#8221; custom_padding=&#8221;||0px||false|false&#8221; global_colors_info=&#8221;{}&#8221;][et_pb_row column_structure=&#8221;1_2,1_2&#8243; module_class=&#8221;row-90 row-contact&#8221; _builder_version=&#8221;4.24.2&#8243; _module_preset=&#8221;default&#8221; custom_margin=&#8221;0px||||false|false&#8221; custom_padding=&#8221;0px||||false|false&#8221; animation_style=&#8221;slide&#8221; animation_direction=&#8221;bottom&#8221; animation_duration=&#8221;1200ms&#8221; global_colors_info=&#8221;{}&#8221;][et_pb_column type=&#8221;1_2&#8243; _builder_version=&#8221;4.24.2&#8243; _module_preset=&#8221;default&#8221; global_colors_info=&#8221;{}&#8221;][et_pb_image src=&#8221;https:\/\/pbsport.ca\/wp-content\/uploads\/2024\/08\/la_famille.png&#8221; title_text=&#8221;la_famille&#8221; _builder_version=&#8221;4.25.1&#8243; _module_preset=&#8221;default&#8221; width_tablet=&#8221;80%&#8221; width_phone=&#8221;80%&#8221; width_last_edited=&#8221;on|tablet&#8221; scroll_vertical_motion_enable=&#8221;on&#8221; scroll_vertical_motion=&#8221;0|50|50|100|1.5|0|0&#8243; motion_trigger_start=&#8221;top&#8221; global_colors_info=&#8221;{}&#8221;][\/et_pb_image][\/et_pb_column][et_pb_column type=&#8221;1_2&#8243; _builder_version=&#8221;4.24.2&#8243; _module_preset=&#8221;default&#8221; animation_style=&#8221;slide&#8221; animation_duration=&#8221;1200ms&#8221; global_colors_info=&#8221;{}&#8221;][et_pb_text _builder_version=&#8221;4.24.3&#8243; _module_preset=&#8221;ce2d3695-527d-469e-a5d0-3b267a859433&#8243; header_2_text_align=&#8221;left&#8221; header_2_font_size=&#8221;55px&#8221; global_colors_info=&#8221;{}&#8221;]<\/p>\n<h2>At PB Sport, we are THE reference for pickleball.<\/h2>\n<p>[\/et_pb_text][et_pb_text admin_label=&#8221;Le pickleball est un sport en pleine ascension. Vous n\u2019avez peut-\u00eatre jamais entendu parler de ce sport, mais vous serez charm\u00e9 aussit\u00f4t essay\u00e9. Il gagne en popularit\u00e9 au Canada et l\u2019on compte maintenant plus de 20 000 adeptes au pays. PB Sport se donne comme but premier de vous faire d\u00e9couvrir cette activit\u00e9 par des gens passionn\u00e9s et mordus du sport. Notre entreprise, PB Sport vise l\u2019excellence : devenir LA r\u00e9f\u00e9rence dans ce sport.&#8221; _builder_version=&#8221;4.25.1&#8243; _module_preset=&#8221;4e6cdba8-8eb1-48aa-97e7-035a32e75586&#8243; text_orientation=&#8221;left&#8221; custom_margin=&#8221;||35px||false|false&#8221; custom_margin_tablet=&#8221;||35px||false|false&#8221; custom_margin_phone=&#8221;||35px||false|false&#8221; custom_margin_last_edited=&#8221;on|desktop&#8221; animation_style=&#8221;slide&#8221; animation_duration=&#8221;1200ms&#8221; global_colors_info=&#8221;{}&#8221;]<\/p>\n<p>The story of PB Sport began during a sunny weekend at the US Open of pickleball, where Mario Laflamme found himself immersed in the heart of the action. The excitement of intense matches, the energy of passionate players, and the presence of the top pickleball suppliers showcasing their cutting-edge products sparked a question in Mario: why wasn&#8217;t this available in Quebec?<\/p>\n<p>Seeing the difficulty in obtaining quality equipment without going through distant suppliers, the idea started to take shape. What if a company could centralize the best pickleball equipment and offer it directly to enthusiasts?<\/p>\n<p>That\u2019s how PB Sport was born, with the vision of creating a unique and complete experience for pickleball lovers.<\/p>\n<p>Today, under our leadership, PB Sport continues to evolve. As a couple of entrepreneurs passionate about this captivating sport, our mission is simple: to keep PB Sport as THE reference for all pickleball enthusiasts while adding our personal touch. We not only want to preserve what made PB Sport successful but also introduce new ideas to bring even more excitement to the court.<\/p>\n<p>With us, expect to discover cutting-edge equipment, exceptional customer service, and an unmatched experience. The adventure is just beginning, and we\u2019ll be there every step of the way to bring you the best in pickleball!<\/p>\n<p>Pickleballingly yours,<\/p>\n<p>Jessie &amp; Dominic<\/p>\n<p>[\/et_pb_text][\/et_pb_column][\/et_pb_row][\/et_pb_section][et_pb_section fb_built=&#8221;1&#8243; theme_builder_area=&#8221;post_content&#8221; _builder_version=&#8221;4.27.4&#8243; _module_preset=&#8221;default&#8221;][et_pb_row _builder_version=&#8221;4.27.4&#8243; _module_preset=&#8221;default&#8221; theme_builder_area=&#8221;post_content&#8221;][et_pb_column _builder_version=&#8221;4.27.4&#8243; _module_preset=&#8221;default&#8221; type=&#8221;4_4&#8243; theme_builder_area=&#8221;post_content&#8221;][et_pb_text _builder_version=&#8221;4.27.4&#8243; _module_preset=&#8221;default&#8221; theme_builder_area=&#8221;post_content&#8221; hover_enabled=&#8221;0&#8243; sticky_enabled=&#8221;0&#8243;]<\/p>\n<div class=\"swiper-marques-wrapper\" style=\"position: relative;\"><div class=\"swiper-marques swiper\"><div class=\"swiper-wrapper\"><div class=\"swiper-slide\"><a href=\"https:\/\/pbsport.ca\/en\/shop\/?filtering=1&#038;filter_product_brand=2479\"><img decoding=\"async\" src=\"https:\/\/pbsport.ca\/wp-content\/uploads\/2024\/04\/40884bba-7216-4209-81a6-0357f7fa81f1-300x79.png\" alt=\"BOOMA\"><\/a><\/div><div class=\"swiper-slide\"><a href=\"https:\/\/pbsport.ca\/en\/shop\/?filtering=1&#038;filter_product_brand=2482\"><img decoding=\"async\" src=\"https:\/\/pbsport.ca\/wp-content\/uploads\/2025\/03\/BreadAndButterLogo-300x116.png\" alt=\"Bread &amp; Butter\"><\/a><\/div><div class=\"swiper-slide\"><a href=\"https:\/\/pbsport.ca\/en\/shop\/?filtering=1&#038;filter_product_brand=2484\"><img decoding=\"async\" src=\"https:\/\/pbsport.ca\/wp-content\/uploads\/2024\/04\/combatlogotranssml-300x78.png\" alt=\"Combat\"><\/a><\/div><div class=\"swiper-slide\"><a href=\"https:\/\/pbsport.ca\/en\/shop\/?filtering=1&#038;filter_product_brand=2483\"><img decoding=\"async\" src=\"https:\/\/pbsport.ca\/wp-content\/uploads\/2024\/04\/CRBN-Logo-Horizontal-300x72.png\" alt=\"CRBN\"><\/a><\/div><div class=\"swiper-slide\"><a href=\"https:\/\/pbsport.ca\/en\/shop\/?filtering=1&#038;filter_product_brand=2487\"><img decoding=\"async\" src=\"https:\/\/pbsport.ca\/wp-content\/uploads\/2024\/04\/GAMMA_Sports_Logo_Stacked_4c_1-300x77.png\" alt=\"Gamma\"><\/a><\/div><div class=\"swiper-slide\"><a href=\"https:\/\/pbsport.ca\/en\/shop\/?filtering=1&#038;filter_product_brand=2488\"><img decoding=\"async\" src=\"https:\/\/pbsport.ca\/wp-content\/uploads\/2024\/04\/Mask_group-300x49.png\" alt=\"Gearbox\"><\/a><\/div><div class=\"swiper-slide\"><a href=\"https:\/\/pbsport.ca\/en\/shop\/?filtering=1&#038;filter_product_brand=2486\"><img decoding=\"async\" src=\"https:\/\/pbsport.ca\/wp-content\/uploads\/2024\/04\/c52f-06-23-ImagesGruvn-300x62.png\" alt=\"GRUVN\"><\/a><\/div><div class=\"swiper-slide\"><a href=\"https:\/\/pbsport.ca\/en\/shop\/?filtering=1&#038;filter_product_brand=2491\"><img decoding=\"async\" src=\"https:\/\/pbsport.ca\/wp-content\/uploads\/2025\/03\/HolbrookLogo.png\" alt=\"Holbrook\"><\/a><\/div><div class=\"swiper-slide\"><a href=\"https:\/\/pbsport.ca\/en\/shop\/?filtering=1&#038;filter_product_brand=2489\"><img decoding=\"async\" src=\"https:\/\/pbsport.ca\/wp-content\/uploads\/2024\/04\/hudef-logo-300x45.png\" alt=\"HUDEF\"><\/a><\/div><div class=\"swiper-slide\"><a href=\"https:\/\/pbsport.ca\/en\/shop\/?filtering=1&#038;filter_product_brand=2492\"><img decoding=\"async\" src=\"https:\/\/pbsport.ca\/wp-content\/uploads\/2024\/04\/JOOLA2020_horiz-logo_grn-blk-300x81.png\" alt=\"Joola\"><\/a><\/div><div class=\"swiper-slide\"><a href=\"https:\/\/pbsport.ca\/en\/shop\/?filtering=1&#038;filter_product_brand=2493\"><img decoding=\"async\" src=\"https:\/\/pbsport.ca\/wp-content\/uploads\/2024\/04\/d8303786948ec52cc5a97d3ff5646d7d.w1653.h1275-300x100.png\" alt=\"Onix\"><\/a><\/div><div class=\"swiper-slide\"><a href=\"https:\/\/pbsport.ca\/en\/shop\/?filtering=1&#038;filter_product_brand=2494\"><img decoding=\"async\" src=\"https:\/\/pbsport.ca\/wp-content\/uploads\/2024\/04\/Sponsor-Logos-e1687296094723-300x100.png\" alt=\"Paddletek\"><\/a><\/div><div class=\"swiper-slide\"><a href=\"https:\/\/pbsport.ca\/en\/shop\/?filtering=1&#038;filter_product_brand=2495\"><img decoding=\"async\" src=\"https:\/\/pbsport.ca\/wp-content\/uploads\/2025\/03\/Logo_pickleball.svg\" alt=\"Pickleball Apes\"><\/a><\/div><div class=\"swiper-slide\"><a href=\"https:\/\/pbsport.ca\/en\/shop\/?filtering=1&#038;filter_product_brand=2496\"><img decoding=\"async\" src=\"https:\/\/pbsport.ca\/wp-content\/uploads\/2024\/09\/Logo_ProXR-300x81.png\" alt=\"ProXR\"><\/a><\/div><div class=\"swiper-slide\"><a href=\"https:\/\/pbsport.ca\/en\/shop\/?filtering=1&#038;filter_product_brand=2498\"><img decoding=\"async\" src=\"https:\/\/pbsport.ca\/wp-content\/uploads\/2024\/04\/Selkirk_Sport-300x100.png\" alt=\"Selkirk\"><\/a><\/div><div class=\"swiper-slide\"><a href=\"https:\/\/pbsport.ca\/en\/shop\/?filtering=1&#038;filter_product_brand=2500\"><img decoding=\"async\" src=\"https:\/\/pbsport.ca\/wp-content\/uploads\/2024\/09\/logo_Six-Zero-300x81.png\" alt=\"Six Zero\"><\/a><\/div><div class=\"swiper-slide\"><a href=\"https:\/\/pbsport.ca\/en\/shop\/?filtering=1&#038;filter_product_brand=2502\"><img decoding=\"async\" src=\"https:\/\/pbsport.ca\/wp-content\/uploads\/2025\/03\/skechers.svg\" alt=\"Skechers\"><\/a><\/div><div class=\"swiper-slide\"><a href=\"https:\/\/pbsport.ca\/en\/shop\/?filtering=1&#038;filter_product_brand=2501\"><img decoding=\"async\" src=\"https:\/\/pbsport.ca\/wp-content\/uploads\/2025\/03\/Tyrol-1.svg\" alt=\"TYROL\"><\/a><\/div><\/div><\/div><\/div>\n<p>[\/et_pb_text][\/et_pb_column][\/et_pb_row][\/et_pb_section]<\/p>\n","protected":false},"excerpt":{"rendered":"<p>About usAt PB Sport, we are THE reference for pickleball.The story of PB Sport began during a sunny weekend at the US Open of pickleball, where Mario Laflamme found himself [&hellip;]<\/p>\n","protected":false},"author":1,"featured_media":711,"parent":0,"menu_order":0,"comment_status":"closed","ping_status":"closed","template":"","meta":{"_et_pb_use_builder":"on","_et_pb_old_content":"","_et_gb_content_width":"","footnotes":""},"dipi_cpt_category":[],"class_list":["post-30762","page","type-page","status-publish","has-post-thumbnail","hentry"],"yoast_head":"<!-- This site is optimized with the Yoast SEO plugin v27.4 - https:\/\/yoast.com\/product\/yoast-seo-wordpress\/ -->\n<title>About us | | PB Sport<\/title>\n<meta name=\"description\" content=\"Our knowledge, advice and top-quality accessories will help you live the PB Sport pickleball experience.\" \/>\n<meta name=\"robots\" content=\"index, follow, max-snippet:-1, max-image-preview:large, max-video-preview:-1\" \/>\n<link rel=\"canonical\" href=\"https:\/\/pbsport.ca\/en\/about-us\/\" \/>\n<meta property=\"og:locale\" content=\"en_US\" \/>\n<meta property=\"og:type\" content=\"article\" \/>\n<meta property=\"og:title\" content=\"About us | | PB Sport\" \/>\n<meta property=\"og:description\" content=\"Our knowledge, advice and top-quality accessories will help you live the PB Sport pickleball experience.\" \/>\n<meta property=\"og:url\" content=\"https:\/\/pbsport.ca\/en\/about-us\/\" \/>\n<meta property=\"og:site_name\" content=\"PB Sport\" \/>\n<meta property=\"article:modified_time\" content=\"2025-07-22T17:55:39+00:00\" \/>\n<meta property=\"og:image\" content=\"https:\/\/pbsport.ca\/wp-content\/uploads\/2024\/04\/Partage-sur-les-reseaux-1024x512.jpg\" \/>\n<meta name=\"twitter:card\" content=\"summary_large_image\" \/>\n<meta name=\"twitter:title\" content=\"About us | | PB Sport\" \/>\n<meta name=\"twitter:description\" content=\"Our knowledge, advice and top-quality accessories will help you live the PB Sport pickleball experience.\" \/>\n<meta name=\"twitter:image\" content=\"https:\/\/pbsport.ca\/wp-content\/uploads\/2024\/04\/Partage-sur-les-reseaux-1024x512.jpg\" \/>\n<meta name=\"twitter:label1\" content=\"Est. reading time\" \/>\n\t<meta name=\"twitter:data1\" content=\"4 minutes\" \/>\n<script type=\"application\/ld+json\" class=\"yoast-schema-graph\">{\"@context\":\"https:\\\/\\\/schema.org\",\"@graph\":[{\"@type\":\"WebPage\",\"@id\":\"https:\\\/\\\/pbsport.ca\\\/en\\\/about-us\\\/\",\"url\":\"https:\\\/\\\/pbsport.ca\\\/en\\\/about-us\\\/\",\"name\":\"About us | | PB Sport\",\"isPartOf\":{\"@id\":\"https:\\\/\\\/pbsport.ca\\\/en\\\/#website\"},\"primaryImageOfPage\":{\"@id\":\"https:\\\/\\\/pbsport.ca\\\/en\\\/about-us\\\/#primaryimage\"},\"image\":{\"@id\":\"https:\\\/\\\/pbsport.ca\\\/en\\\/about-us\\\/#primaryimage\"},\"thumbnailUrl\":\"https:\\\/\\\/pbsport.ca\\\/wp-content\\\/uploads\\\/2024\\\/04\\\/Partage-sur-les-reseaux.jpg\",\"datePublished\":\"2024-04-30T17:55:10+00:00\",\"dateModified\":\"2025-07-22T17:55:39+00:00\",\"description\":\"Our knowledge, advice and top-quality accessories will help you live the PB Sport pickleball experience.\",\"breadcrumb\":{\"@id\":\"https:\\\/\\\/pbsport.ca\\\/en\\\/about-us\\\/#breadcrumb\"},\"inLanguage\":\"en-US\",\"potentialAction\":[{\"@type\":\"ReadAction\",\"target\":[\"https:\\\/\\\/pbsport.ca\\\/en\\\/about-us\\\/\"]}]},{\"@type\":\"ImageObject\",\"inLanguage\":\"en-US\",\"@id\":\"https:\\\/\\\/pbsport.ca\\\/en\\\/about-us\\\/#primaryimage\",\"url\":\"https:\\\/\\\/pbsport.ca\\\/wp-content\\\/uploads\\\/2024\\\/04\\\/Partage-sur-les-reseaux.jpg\",\"contentUrl\":\"https:\\\/\\\/pbsport.ca\\\/wp-content\\\/uploads\\\/2024\\\/04\\\/Partage-sur-les-reseaux.jpg\",\"width\":1200,\"height\":600},{\"@type\":\"BreadcrumbList\",\"@id\":\"https:\\\/\\\/pbsport.ca\\\/en\\\/about-us\\\/#breadcrumb\",\"itemListElement\":[{\"@type\":\"ListItem\",\"position\":1,\"name\":\"Home\",\"item\":\"https:\\\/\\\/pbsport.ca\\\/en\\\/\"},{\"@type\":\"ListItem\",\"position\":2,\"name\":\"About us\"}]},{\"@type\":\"WebSite\",\"@id\":\"https:\\\/\\\/pbsport.ca\\\/en\\\/#website\",\"url\":\"https:\\\/\\\/pbsport.ca\\\/en\\\/\",\"name\":\"PB Sport\",\"description\":\"La r\u00e9f\u00e9rence du Pickleball\",\"potentialAction\":[{\"@type\":\"SearchAction\",\"target\":{\"@type\":\"EntryPoint\",\"urlTemplate\":\"https:\\\/\\\/pbsport.ca\\\/en\\\/?s={search_term_string}\"},\"query-input\":{\"@type\":\"PropertyValueSpecification\",\"valueRequired\":true,\"valueName\":\"search_term_string\"}}],\"inLanguage\":\"en-US\"}]}<\/script>\n<!-- \/ Yoast SEO plugin. -->","yoast_head_json":{"title":"About us | | PB Sport","description":"Our knowledge, advice and top-quality accessories will help you live the PB Sport pickleball experience.","robots":{"index":"index","follow":"follow","max-snippet":"max-snippet:-1","max-image-preview":"max-image-preview:large","max-video-preview":"max-video-preview:-1"},"canonical":"https:\/\/pbsport.ca\/en\/about-us\/","og_locale":"en_US","og_type":"article","og_title":"About us | | PB Sport","og_description":"Our knowledge, advice and top-quality accessories will help you live the PB Sport pickleball experience.","og_url":"https:\/\/pbsport.ca\/en\/about-us\/","og_site_name":"PB Sport","article_modified_time":"2025-07-22T17:55:39+00:00","og_image":[{"url":"https:\/\/pbsport.ca\/wp-content\/uploads\/2024\/04\/Partage-sur-les-reseaux-1024x512.jpg","type":"","width":"","height":""}],"twitter_card":"summary_large_image","twitter_title":"About us | | PB Sport","twitter_description":"Our knowledge, advice and top-quality accessories will help you live the PB Sport pickleball experience.","twitter_image":"https:\/\/pbsport.ca\/wp-content\/uploads\/2024\/04\/Partage-sur-les-reseaux-1024x512.jpg","twitter_misc":{"Est. reading time":"4 minutes"},"schema":{"@context":"https:\/\/schema.org","@graph":[{"@type":"WebPage","@id":"https:\/\/pbsport.ca\/en\/about-us\/","url":"https:\/\/pbsport.ca\/en\/about-us\/","name":"About us | | PB Sport","isPartOf":{"@id":"https:\/\/pbsport.ca\/en\/#website"},"primaryImageOfPage":{"@id":"https:\/\/pbsport.ca\/en\/about-us\/#primaryimage"},"image":{"@id":"https:\/\/pbsport.ca\/en\/about-us\/#primaryimage"},"thumbnailUrl":"https:\/\/pbsport.ca\/wp-content\/uploads\/2024\/04\/Partage-sur-les-reseaux.jpg","datePublished":"2024-04-30T17:55:10+00:00","dateModified":"2025-07-22T17:55:39+00:00","description":"Our knowledge, advice and top-quality accessories will help you live the PB Sport pickleball experience.","breadcrumb":{"@id":"https:\/\/pbsport.ca\/en\/about-us\/#breadcrumb"},"inLanguage":"en-US","potentialAction":[{"@type":"ReadAction","target":["https:\/\/pbsport.ca\/en\/about-us\/"]}]},{"@type":"ImageObject","inLanguage":"en-US","@id":"https:\/\/pbsport.ca\/en\/about-us\/#primaryimage","url":"https:\/\/pbsport.ca\/wp-content\/uploads\/2024\/04\/Partage-sur-les-reseaux.jpg","contentUrl":"https:\/\/pbsport.ca\/wp-content\/uploads\/2024\/04\/Partage-sur-les-reseaux.jpg","width":1200,"height":600},{"@type":"BreadcrumbList","@id":"https:\/\/pbsport.ca\/en\/about-us\/#breadcrumb","itemListElement":[{"@type":"ListItem","position":1,"name":"Home","item":"https:\/\/pbsport.ca\/en\/"},{"@type":"ListItem","position":2,"name":"About us"}]},{"@type":"WebSite","@id":"https:\/\/pbsport.ca\/en\/#website","url":"https:\/\/pbsport.ca\/en\/","name":"PB Sport","description":"La r\u00e9f\u00e9rence du Pickleball","potentialAction":[{"@type":"SearchAction","target":{"@type":"EntryPoint","urlTemplate":"https:\/\/pbsport.ca\/en\/?s={search_term_string}"},"query-input":{"@type":"PropertyValueSpecification","valueRequired":true,"valueName":"search_term_string"}}],"inLanguage":"en-US"}]}},"_links":{"self":[{"href":"https:\/\/pbsport.ca\/en\/wp-json\/wp\/v2\/pages\/30762","targetHints":{"allow":["GET"]}}],"collection":[{"href":"https:\/\/pbsport.ca\/en\/wp-json\/wp\/v2\/pages"}],"about":[{"href":"https:\/\/pbsport.ca\/en\/wp-json\/wp\/v2\/types\/page"}],"author":[{"embeddable":true,"href":"https:\/\/pbsport.ca\/en\/wp-json\/wp\/v2\/users\/1"}],"replies":[{"embeddable":true,"href":"https:\/\/pbsport.ca\/en\/wp-json\/wp\/v2\/comments?post=30762"}],"version-history":[{"count":6,"href":"https:\/\/pbsport.ca\/en\/wp-json\/wp\/v2\/pages\/30762\/revisions"}],"predecessor-version":[{"id":38925,"href":"https:\/\/pbsport.ca\/en\/wp-json\/wp\/v2\/pages\/30762\/revisions\/38925"}],"wp:featuredmedia":[{"embeddable":true,"href":"https:\/\/pbsport.ca\/en\/wp-json\/wp\/v2\/media\/711"}],"wp:attachment":[{"href":"https:\/\/pbsport.ca\/en\/wp-json\/wp\/v2\/media?parent=30762"}],"wp:term":[{"taxonomy":"dipi_cpt_category","embeddable":true,"href":"https:\/\/pbsport.ca\/en\/wp-json\/wp\/v2\/dipi_cpt_category?post=30762"}],"curies":[{"name":"wp","href":"https:\/\/api.w.org\/{rel}","templated":true}]}}